{"id":177,"date":"2013-09-23T23:11:05","date_gmt":"2013-09-23T21:11:05","guid":{"rendered":"http:\/\/www.borchardconsult.com\/?page_id=177"},"modified":"2013-09-25T21:49:45","modified_gmt":"2013-09-25T19:49:45","slug":"wiki","status":"publish","type":"page","link":"https:\/\/www.borchardconsult.com\/?page_id=177","title":{"rendered":"Wiki"},"content":{"rendered":"<p><a href=\"https:\/\/www.borchardconsult.com\/wp-content\/uploads\/2013\/09\/Dreieck_Petrol_18tr.png\"><img loading=\"lazy\" decoding=\"async\" class=\"alignleft size-full wp-image-214\" alt=\"Dreieck_Petrol_18tr\" src=\"https:\/\/www.borchardconsult.com\/wp-content\/uploads\/2013\/09\/Dreieck_Petrol_18tr.png\" width=\"17\" height=\"18\" \/><\/a>\u00a0Ein Wiki (hawaiisch f\u00fcr \u00bbschnell\u00ab), ist ein Hypertext-System f\u00fcr Webseiten, deren Inhalte von den Benutzern nicht nur gelesen, sondern auch online direkt im Webbrowser ge\u00e4ndert werden k\u00f6nnen. Die bekannteste Anwendung ist die Online-Enzyklop\u00e4die <a href=\"http:\/\/de.wikipedia.org\">Wikipedia,<\/a> welche die Wiki-Software MediaWiki einsetzt. Es gibt unz\u00e4hlige Wiki-Programme mit unterschiedlichen Schwerpunkten. Die <a href=\"http:\/\/www.mediawiki.org\/wiki\/MediaWiki\/de\">Mediawiki-Software<\/a> z.B. kann extrem gro\u00dfe Datenmengen verarbeiten, hat aber keine fein abgestufte Rechteverwaltung.<\/p>\n<p><a href=\"https:\/\/www.borchardconsult.com\/wp-content\/uploads\/2013\/09\/Dreieck_Petrol_18tr.png\"><img loading=\"lazy\" decoding=\"async\" class=\"alignleft size-full wp-image-214\" alt=\"Dreieck_Petrol_18tr\" src=\"https:\/\/www.borchardconsult.com\/wp-content\/uploads\/2013\/09\/Dreieck_Petrol_18tr.png\" width=\"17\" height=\"18\" \/><\/a>Im Unternehmen hat ein Wiki oft den Zweck, mit geringem Aufwand Informationen zu verschriftlichen und dadurch als &#8222;Unternehmenswissen&#8220; f\u00fcr alle Mitarbeiter standort\u00fcbergreifend verf\u00fcgbar zu machen.<\/p>\n<p>Typische Gr\u00fcnde f\u00fcr die Einf\u00fchrung eines Wikis sind z.B.<\/p>\n<p>&#8230;<a href=\"https:\/\/www.borchardconsult.com\/wp-content\/uploads\/2013\/09\/Dreieck_Petrol_18tr.png\"><img loading=\"lazy\" decoding=\"async\" class=\"alignleft size-full wp-image-214\" alt=\"Dreieck_Petrol_18tr\" src=\"https:\/\/www.borchardconsult.com\/wp-content\/uploads\/2013\/09\/Dreieck_Petrol_18tr.png\" width=\"17\" height=\"18\" \/><\/a>das Know-How von Kollegen sichern, welche sich in Rente, Elternzeit oder eine andere Abteilung verabschieden. Im Wiki werden im Rahmen der \u00dcbergabe des Arbeitsplatzes die T\u00e4tigkeiten in einer schriftlichen, von verschiedenen Anwendern leicht pflegbaren Form dokumentiert.<\/p>\n<p><a href=\"https:\/\/www.borchardconsult.com\/wp-content\/uploads\/2013\/09\/Dreieck_Petrol_18tr.png\"><img loading=\"lazy\" decoding=\"async\" class=\"alignleft size-full wp-image-214\" alt=\"Dreieck_Petrol_18tr\" src=\"https:\/\/www.borchardconsult.com\/wp-content\/uploads\/2013\/09\/Dreieck_Petrol_18tr.png\" width=\"17\" height=\"18\" \/><\/a>&#8230;wenn das gleiche Wissen mehreren Adressaten zur Verf\u00fcgung gestellt werden muss, z.B. wenn verschiedene Praktikanten, Azubis oder Trainees mit \u00fcberlappenden Aufgabenfeldern eine gemeinsame Informationsbasis bereitgestellt werden soll.<\/p>\n<p><a href=\"https:\/\/www.borchardconsult.com\/wp-content\/uploads\/2013\/09\/Dreieck_Petrol_18tr.png\"><img loading=\"lazy\" decoding=\"async\" class=\"alignleft size-full wp-image-214\" alt=\"Dreieck_Petrol_18tr\" src=\"https:\/\/www.borchardconsult.com\/wp-content\/uploads\/2013\/09\/Dreieck_Petrol_18tr.png\" width=\"17\" height=\"18\" \/><\/a>Ein Wiki hilft ebenso bei der Einarbeitung neuer Mitarbeiter<\/p>\n","protected":false},"excerpt":{"rendered":"<p>\u00a0Ein Wiki (hawaiisch f\u00fcr \u00bbschnell\u00ab), ist ein Hypertext-System f\u00fcr Webseiten, deren Inhalte von den Benutzern nicht nur gelesen, sondern auch online direkt im Webbrowser ge\u00e4ndert werden k\u00f6nnen. Die bekannteste Anwendung ist die Online-Enzyklop\u00e4die Wikipedia, welche die Wiki-Software MediaWiki einsetzt. Es gibt unz\u00e4hlige Wiki-Programme mit unterschiedlichen Schwerpunkten. Die Mediawiki-Software z.B. kann extrem gro\u00dfe Datenmengen verarbeiten, hat [&hellip;]<\/p>\n","protected":false},"author":1,"featured_media":0,"parent":163,"menu_order":2,"comment_status":"closed","ping_status":"closed","template":"","meta":{"footnotes":""},"class_list":["post-177","page","type-page","status-publish","hentry"],"_links":{"self":[{"href":"https:\/\/www.borchardconsult.com\/index.php?rest_route=\/wp\/v2\/pages\/177"}],"collection":[{"href":"https:\/\/www.borchardconsult.com\/index.php?rest_route=\/wp\/v2\/pages"}],"about":[{"href":"https:\/\/www.borchardconsult.com\/index.php?rest_route=\/wp\/v2\/types\/page"}],"author":[{"embeddable":true,"href":"https:\/\/www.borchardconsult.com\/index.php?rest_route=\/wp\/v2\/users\/1"}],"replies":[{"embeddable":true,"href":"https:\/\/www.borchardconsult.com\/index.php?rest_route=%2Fwp%2Fv2%2Fcomments&post=177"}],"version-history":[{"count":5,"href":"https:\/\/www.borchardconsult.com\/index.php?rest_route=\/wp\/v2\/pages\/177\/revisions"}],"predecessor-version":[{"id":294,"href":"https:\/\/www.borchardconsult.com\/index.php?rest_route=\/wp\/v2\/pages\/177\/revisions\/294"}],"up":[{"embeddable":true,"href":"https:\/\/www.borchardconsult.com\/index.php?rest_route=\/wp\/v2\/pages\/163"}],"wp:attachment":[{"href":"https:\/\/www.borchardconsult.com\/index.php?rest_route=%2Fwp%2Fv2%2Fmedia&parent=177"}],"curies":[{"name":"wp","href":"https:\/\/api.w.org\/{rel}","templated":true}]}}