{"id":192,"date":"2013-09-23T23:35:30","date_gmt":"2013-09-23T21:35:30","guid":{"rendered":"http:\/\/www.borchardconsult.com\/?page_id=192"},"modified":"2013-09-25T13:28:51","modified_gmt":"2013-09-25T11:28:51","slug":"projektverlauf","status":"publish","type":"page","link":"https:\/\/www.borchardconsult.com\/?page_id=192","title":{"rendered":"Unsere Leistungen: Wissensmanagement \/ Dokumentenmanagement"},"content":{"rendered":"<ul>\n<li>Analyse<b> <\/b>der Wissenslandschaft im Unternehmen bzw. der Abteilung: welche Systeme zum Wissensmanagement bestehen bereits (\u201eIst-Zustand\u201c)<\/li>\n<li>Analyse<b> <\/b>der Datenlandschaft im Unternehmen bzw. der Abteilung: welche Informationskan\u00e4le (Email, Briefpost etc.) gibt es und wie werden diese Informationen benutzt und verkn\u00fcpft<\/li>\n<li>Erfassung und Strukturierung der Verbesserungsw\u00fcnsche, ggf. Kurzinterviews mit ausgew\u00e4hlten Mitarbeitern, ggf. Diskussion von Datenschutzaspekten<\/li>\n<li>Analyse des L\u00f6sungsraumes: welche IT-L\u00f6sungen passen m\u00f6glichst nahtlos in die vorhandene System-Landschaft (Linux oder Windows etc.), im Normalfall in Zusammenarbeit mit der internen oder externen IT<\/li>\n<li>Pr\u00e4sentation von mehreren L\u00f6sungsszenarien, z.B. mit unterschiedlichen Ans\u00e4tzen in der IT-Infrastruktur (z.B. lokaler Server vs. Cloud-Service oder Freeware vs. kostenpflichtige Software), mit unterschiedlich aufw\u00e4ndigem <a title=\"Glossar\" href=\"https:\/\/www.borchardconsult.com\/?page_id=83#rechteverwaltung\">Rechtemanagement<\/a>.<\/li>\n<li>gemeinsame Entscheidung mit dem Auftraggeber: welche Software soll benutzt werden, wer soll das System technisch und ggf. redaktionell betreuen; welche Inhalte werden &#8211; auch unter Datenschutzaspekten &#8211; zur Verf\u00fcgung gestellt. Erstellung eines Pflichtenheftes z.B. bez\u00fcglich Erfolgs- und Wirtschaftlichkeitskriterien<\/li>\n<li>\u201eRoll-Out\u201c: Projekthaftes Einf\u00fchren der Ver\u00e4nderung in kleinem Umfang zum Testen von EDV-Systemen und der Benutzerakzeptanz, Entwicklung von betriebsspezifischen Schulungsmaterialien.<\/li>\n<li>Freischaltung der Software f\u00fcr alle Benutzer, Schulung der Benutzer.<\/li>\n<li>Auf Wunsch Nachevaluation<\/li>\n<\/ul>\n<p>&nbsp;<\/p>\n","protected":false},"excerpt":{"rendered":"<p>Analyse der Wissenslandschaft im Unternehmen bzw. der Abteilung: welche Systeme zum Wissensmanagement bestehen bereits (\u201eIst-Zustand\u201c) Analyse der Datenlandschaft im Unternehmen bzw. der Abteilung: welche Informationskan\u00e4le (Email, Briefpost etc.) gibt es und wie werden diese Informationen benutzt und verkn\u00fcpft Erfassung und Strukturierung der Verbesserungsw\u00fcnsche, ggf. Kurzinterviews mit ausgew\u00e4hlten Mitarbeitern, ggf. Diskussion von Datenschutzaspekten Analyse des L\u00f6sungsraumes: [&hellip;]<\/p>\n","protected":false},"author":1,"featured_media":0,"parent":163,"menu_order":0,"comment_status":"closed","ping_status":"closed","template":"","meta":{"footnotes":""},"class_list":["post-192","page","type-page","status-publish","hentry"],"_links":{"self":[{"href":"https:\/\/www.borchardconsult.com\/index.php?rest_route=\/wp\/v2\/pages\/192"}],"collection":[{"href":"https:\/\/www.borchardconsult.com\/index.php?rest_route=\/wp\/v2\/pages"}],"about":[{"href":"https:\/\/www.borchardconsult.com\/index.php?rest_route=\/wp\/v2\/types\/page"}],"author":[{"embeddable":true,"href":"https:\/\/www.borchardconsult.com\/index.php?rest_route=\/wp\/v2\/users\/1"}],"replies":[{"embeddable":true,"href":"https:\/\/www.borchardconsult.com\/index.php?rest_route=%2Fwp%2Fv2%2Fcomments&post=192"}],"version-history":[{"count":7,"href":"https:\/\/www.borchardconsult.com\/index.php?rest_route=\/wp\/v2\/pages\/192\/revisions"}],"predecessor-version":[{"id":285,"href":"https:\/\/www.borchardconsult.com\/index.php?rest_route=\/wp\/v2\/pages\/192\/revisions\/285"}],"up":[{"embeddable":true,"href":"https:\/\/www.borchardconsult.com\/index.php?rest_route=\/wp\/v2\/pages\/163"}],"wp:attachment":[{"href":"https:\/\/www.borchardconsult.com\/index.php?rest_route=%2Fwp%2Fv2%2Fmedia&parent=192"}],"curies":[{"name":"wp","href":"https:\/\/api.w.org\/{rel}","templated":true}]}}