{"id":24,"date":"2013-07-22T17:24:18","date_gmt":"2013-07-22T15:24:18","guid":{"rendered":"http:\/\/www.borchardconsult.com\/?page_id=24"},"modified":"2018-05-08T23:11:34","modified_gmt":"2018-05-08T21:11:34","slug":"wieviel","status":"publish","type":"page","link":"https:\/\/www.borchardconsult.com\/?page_id=24","title":{"rendered":"Wieviel?"},"content":{"rendered":"<p><a href=\"https:\/\/www.borchardconsult.com\/wp-content\/uploads\/2013\/09\/Dreieck_Petrol_18tr.png\"><img loading=\"lazy\" decoding=\"async\" class=\"alignleft size-full wp-image-214\" src=\"https:\/\/www.borchardconsult.com\/wp-content\/uploads\/2013\/09\/Dreieck_Petrol_18tr.png\" alt=\"Dreieck_Petrol_18tr\" width=\"17\" height=\"18\" \/><\/a>In einem kostenlosen Erstkontakt pr\u00fcfen wir \u2013 Sie als Kunde und wir als Berater \u2013 ob eine Zusammenarbeit sinnvoll erscheint und sprechen \u00fcber geplanten Umfang eines m\u00f6glichen <a title=\"Projektverlauf\" href=\"https:\/\/www.borchardconsult.com\/?page_id=192\"> Projektes. <\/a><\/p>\n<p><a href=\"https:\/\/www.borchardconsult.com\/wp-content\/uploads\/2013\/09\/Dreieck_Petrol_18tr.png\"><img loading=\"lazy\" decoding=\"async\" class=\"alignleft size-full wp-image-214\" src=\"https:\/\/www.borchardconsult.com\/wp-content\/uploads\/2013\/09\/Dreieck_Petrol_18tr.png\" alt=\"Dreieck_Petrol_18tr\" width=\"17\" height=\"18\" \/><\/a>Unsere Beratungskosten orientieren sich am zeitlichen Aufwand. Die Werte Wirtschaftlichkeit, Effizienz und Transparenz leben wir im Sinne unserer Kunden \u2013 diese Grundprinzipien schlagen sich auch in unseren Angeboten nieder. Lassen Sie sich doch einfach mal einen Vorschlag machen.<\/p>\n<p><a href=\"https:\/\/www.borchardconsult.com\/wp-content\/uploads\/2013\/09\/Dreieck_Petrol_18tr.png\"><img loading=\"lazy\" decoding=\"async\" class=\"alignleft size-full wp-image-214\" src=\"https:\/\/www.borchardconsult.com\/wp-content\/uploads\/2013\/09\/Dreieck_Petrol_18tr.png\" alt=\"Dreieck_Petrol_18tr\" width=\"17\" height=\"18\" \/><\/a>Bei unseren Vorschl\u00e4gen ber\u00fccksichtigen wir selbstverst\u00e4ndlich die sp\u00e4teren laufenden Kosten: Es gibt f\u00fcr so gut wie alle Problemstellungen Open Source Software, welche kostenfrei einsetzbar ist &#8211; genauso relevant ist aber die Frage, welche Systeme die IT mit dem geringsten Zusatzaufwand einrichten und betreiben kann.<\/p>\n<p>Wir freuen uns \u00fcber Ihre Anfrage!<\/p>\n","protected":false},"excerpt":{"rendered":"<p>In einem kostenlosen Erstkontakt pr\u00fcfen wir \u2013 Sie als Kunde und wir als Berater \u2013 ob eine Zusammenarbeit sinnvoll erscheint und sprechen \u00fcber geplanten Umfang eines m\u00f6glichen Projektes. Unsere Beratungskosten orientieren sich am zeitlichen Aufwand. Die Werte Wirtschaftlichkeit, Effizienz und Transparenz leben wir im Sinne unserer Kunden \u2013 diese Grundprinzipien schlagen sich auch in unseren [&hellip;]<\/p>\n","protected":false},"author":1,"featured_media":0,"parent":0,"menu_order":4,"comment_status":"closed","ping_status":"closed","template":"","meta":{"footnotes":""},"class_list":["post-24","page","type-page","status-publish","hentry"],"_links":{"self":[{"href":"https:\/\/www.borchardconsult.com\/index.php?rest_route=\/wp\/v2\/pages\/24"}],"collection":[{"href":"https:\/\/www.borchardconsult.com\/index.php?rest_route=\/wp\/v2\/pages"}],"about":[{"href":"https:\/\/www.borchardconsult.com\/index.php?rest_route=\/wp\/v2\/types\/page"}],"author":[{"embeddable":true,"href":"https:\/\/www.borchardconsult.com\/index.php?rest_route=\/wp\/v2\/users\/1"}],"replies":[{"embeddable":true,"href":"https:\/\/www.borchardconsult.com\/index.php?rest_route=%2Fwp%2Fv2%2Fcomments&post=24"}],"version-history":[{"count":13,"href":"https:\/\/www.borchardconsult.com\/index.php?rest_route=\/wp\/v2\/pages\/24\/revisions"}],"predecessor-version":[{"id":373,"href":"https:\/\/www.borchardconsult.com\/index.php?rest_route=\/wp\/v2\/pages\/24\/revisions\/373"}],"wp:attachment":[{"href":"https:\/\/www.borchardconsult.com\/index.php?rest_route=%2Fwp%2Fv2%2Fmedia&parent=24"}],"curies":[{"name":"wp","href":"https:\/\/api.w.org\/{rel}","templated":true}]}}