{"id":241,"date":"2013-09-24T20:17:29","date_gmt":"2013-09-24T18:17:29","guid":{"rendered":"http:\/\/www.borchardconsult.com\/?page_id=241"},"modified":"2013-09-25T12:47:07","modified_gmt":"2013-09-25T10:47:07","slug":"unsere-leistungen-marktdaten-und-vendorenmanagement","status":"publish","type":"page","link":"https:\/\/www.borchardconsult.com\/?page_id=241","title":{"rendered":"Unsere Leistungen: Marktdaten- und Vendorenmanagement"},"content":{"rendered":"<ul>\n<li>Analyse und Optimierung der Marktdatenversorgung bzw. des Vendorenmanagements<\/li>\n<li>Zentrales Erfassen von bestehenden Vertr\u00e4gen in geeigneten Strukturen, Dokumentation von vorhandenen Vertr\u00e4gen. Pr\u00fcfung auf Optimierungspotential, sowohl f\u00fcr \u201eorganisch gewachsene Dezentralit\u00e4t\u201c als auch nach Unternehmenszusammenschl\u00fcssen<\/li>\n<li>Kostenmanagement\/Controlling: Schaffung von interner Kostentransparenz im Marktdatenbereich durch Messen der Marktdatennutzung als Business-Intelligence-Funktion<\/li>\n<li>Bedarfsermittlung f\u00fcr neue Datenlieferungen aufgrund regulatorischer Erfordernisse und der daraus resultierenden Vertragserweiterungen bzw. neuen Vertragsabschl\u00fcsse. Vertragsverhandlungen, Bestellungen und K\u00fcndigungen, Hilfe bei juristischen Kl\u00e4rungen \u00fcber die erlaubte Datennutzung<\/li>\n<li>Beratung\/Consulting mit Markt\u00fcberblick, u.a. zur Unterst\u00fctzung von \u201eMake or buy\u201c Entscheidungen f\u00fcr Wertpapier-Stammdaten, Corporate Actions, Kurse, Fondsstammdaten etc. von allen gro\u00dfen Vendoren (SIX Financial Information, Wertpapier Mitteilungen, Thompson Reuters, Bloomberg, Morning-Star\u2026)<\/li>\n<li>Qualit\u00e4tsmanagement\/Qualit\u00e4tssicherung: Service Level Agreements (SLAs) aushandeln, Kennzahlen generieren und \u00fcberwachen, z.B. P\u00fcnktlichkeit und Vollst\u00e4ndigkeit der Datenlieferungen, interne und externe Reaktionszeiten in St\u00f6rungsf\u00e4llen<\/li>\n<li>Besondere Expertise im Aufbau von Bewertungsystemen: regelbasierte Auswahl in Abh\u00e4ngigkeit von der Assetklasse, automatische Kursplausibilisierung<\/li>\n<li>Konzeption von kundenindividuell parametrisierbaren Reportingl\u00f6sungen<\/li>\n<\/ul>\n<p>&nbsp;<\/p>\n","protected":false},"excerpt":{"rendered":"<p>Analyse und Optimierung der Marktdatenversorgung bzw. des Vendorenmanagements Zentrales Erfassen von bestehenden Vertr\u00e4gen in geeigneten Strukturen, Dokumentation von vorhandenen Vertr\u00e4gen. Pr\u00fcfung auf Optimierungspotential, sowohl f\u00fcr \u201eorganisch gewachsene Dezentralit\u00e4t\u201c als auch nach Unternehmenszusammenschl\u00fcssen Kostenmanagement\/Controlling: Schaffung von interner Kostentransparenz im Marktdatenbereich durch Messen der Marktdatennutzung als Business-Intelligence-Funktion Bedarfsermittlung f\u00fcr neue Datenlieferungen aufgrund regulatorischer Erfordernisse und der daraus [&hellip;]<\/p>\n","protected":false},"author":1,"featured_media":0,"parent":182,"menu_order":0,"comment_status":"closed","ping_status":"closed","template":"","meta":{"footnotes":""},"class_list":["post-241","page","type-page","status-publish","hentry"],"_links":{"self":[{"href":"https:\/\/www.borchardconsult.com\/index.php?rest_route=\/wp\/v2\/pages\/241"}],"collection":[{"href":"https:\/\/www.borchardconsult.com\/index.php?rest_route=\/wp\/v2\/pages"}],"about":[{"href":"https:\/\/www.borchardconsult.com\/index.php?rest_route=\/wp\/v2\/types\/page"}],"author":[{"embeddable":true,"href":"https:\/\/www.borchardconsult.com\/index.php?rest_route=\/wp\/v2\/users\/1"}],"replies":[{"embeddable":true,"href":"https:\/\/www.borchardconsult.com\/index.php?rest_route=%2Fwp%2Fv2%2Fcomments&post=241"}],"version-history":[{"count":3,"href":"https:\/\/www.borchardconsult.com\/index.php?rest_route=\/wp\/v2\/pages\/241\/revisions"}],"predecessor-version":[{"id":247,"href":"https:\/\/www.borchardconsult.com\/index.php?rest_route=\/wp\/v2\/pages\/241\/revisions\/247"}],"up":[{"embeddable":true,"href":"https:\/\/www.borchardconsult.com\/index.php?rest_route=\/wp\/v2\/pages\/182"}],"wp:attachment":[{"href":"https:\/\/www.borchardconsult.com\/index.php?rest_route=%2Fwp%2Fv2%2Fmedia&parent=241"}],"curies":[{"name":"wp","href":"https:\/\/api.w.org\/{rel}","templated":true}]}}