{"id":243,"date":"2013-09-24T20:43:22","date_gmt":"2013-09-24T18:43:22","guid":{"rendered":"http:\/\/www.borchardconsult.com\/?page_id=243"},"modified":"2013-10-02T13:35:29","modified_gmt":"2013-10-02T11:35:29","slug":"unsere-leistungen-optimierung-von-strukturen-und-ablaeufen","status":"publish","type":"page","link":"https:\/\/www.borchardconsult.com\/?page_id=243","title":{"rendered":"Unsere Leistungen: Optimierung von Strukturen und Abl\u00e4ufen"},"content":{"rendered":"<ul>\n<li>Datenstrukturoptimierung\/Datenmodellierung, Aufbau oder Erweiterung von Data Warehouses\/DataMarts<\/li>\n<li>Optimierung der IT-Architektur, z.B. \u00dcberpr\u00fcfung von Abh\u00e4ngigkeiten zwischen Programml\u00e4ufen, Einf\u00fchrung von Middleware zur Reduzierung der Schnittstellenzahl<\/li>\n<li>Intelligente Schnittstellen zur Vermeidung von Mehrfacheingaben und automatischen Datenkonsolidierung (Reconciliation)<\/li>\n<li>Prozessmanagement\/Prozesssteuerung\/Prozessoptimierung s\u00e4mtlicher IT-Prozesse rund um die Datenversorgung \u00fcber den gesamten Life-Cycle von Anlandung \u00fcber Speicherung und Benutzung bis hin zur Archivierung und L\u00f6schung, z.B. automatische Erfassung und Auswertung aller manuellen Fehlerbehandlungen, um die Wirtschaftlichkeit weiterer Automatisierungsschritte absehen zu k\u00f6nnen und\/oder dem Kunden das manuelle Handling in Rechnung stellen zu k\u00f6nnen<\/li>\n<\/ul>\n<p>&nbsp;<\/p>\n<p>&nbsp;<\/p>\n<p>&nbsp;<\/p>\n","protected":false},"excerpt":{"rendered":"<p>Datenstrukturoptimierung\/Datenmodellierung, Aufbau oder Erweiterung von Data Warehouses\/DataMarts Optimierung der IT-Architektur, z.B. \u00dcberpr\u00fcfung von Abh\u00e4ngigkeiten zwischen Programml\u00e4ufen, Einf\u00fchrung von Middleware zur Reduzierung der Schnittstellenzahl Intelligente Schnittstellen zur Vermeidung von Mehrfacheingaben und automatischen Datenkonsolidierung (Reconciliation) Prozessmanagement\/Prozesssteuerung\/Prozessoptimierung s\u00e4mtlicher IT-Prozesse rund um die Datenversorgung \u00fcber den gesamten Life-Cycle von Anlandung \u00fcber Speicherung und Benutzung bis hin zur Archivierung und [&hellip;]<\/p>\n","protected":false},"author":1,"featured_media":0,"parent":253,"menu_order":0,"comment_status":"closed","ping_status":"closed","template":"","meta":{"footnotes":""},"class_list":["post-243","page","type-page","status-publish","hentry"],"_links":{"self":[{"href":"https:\/\/www.borchardconsult.com\/index.php?rest_route=\/wp\/v2\/pages\/243"}],"collection":[{"href":"https:\/\/www.borchardconsult.com\/index.php?rest_route=\/wp\/v2\/pages"}],"about":[{"href":"https:\/\/www.borchardconsult.com\/index.php?rest_route=\/wp\/v2\/types\/page"}],"author":[{"embeddable":true,"href":"https:\/\/www.borchardconsult.com\/index.php?rest_route=\/wp\/v2\/users\/1"}],"replies":[{"embeddable":true,"href":"https:\/\/www.borchardconsult.com\/index.php?rest_route=%2Fwp%2Fv2%2Fcomments&post=243"}],"version-history":[{"count":5,"href":"https:\/\/www.borchardconsult.com\/index.php?rest_route=\/wp\/v2\/pages\/243\/revisions"}],"predecessor-version":[{"id":315,"href":"https:\/\/www.borchardconsult.com\/index.php?rest_route=\/wp\/v2\/pages\/243\/revisions\/315"}],"up":[{"embeddable":true,"href":"https:\/\/www.borchardconsult.com\/index.php?rest_route=\/wp\/v2\/pages\/253"}],"wp:attachment":[{"href":"https:\/\/www.borchardconsult.com\/index.php?rest_route=%2Fwp%2Fv2%2Fmedia&parent=243"}],"curies":[{"name":"wp","href":"https:\/\/api.w.org\/{rel}","templated":true}]}}