{"id":253,"date":"2013-09-24T20:45:38","date_gmt":"2013-09-24T18:45:38","guid":{"rendered":"http:\/\/www.borchardconsult.com\/?page_id=253"},"modified":"2013-10-02T13:34:58","modified_gmt":"2013-10-02T11:34:58","slug":"prozessoptimierung-2","status":"publish","type":"page","link":"https:\/\/www.borchardconsult.com\/?page_id=253","title":{"rendered":"Prozessoptimierung"},"content":{"rendered":"<p><a href=\"https:\/\/www.borchardconsult.com\/wp-content\/uploads\/2013\/09\/Dreieck_Petrol_18tr.png\"><img loading=\"lazy\" decoding=\"async\" class=\"alignleft size-full wp-image-214\" alt=\"Dreieck_Petrol_18tr\" src=\"https:\/\/www.borchardconsult.com\/wp-content\/uploads\/2013\/09\/Dreieck_Petrol_18tr.png\" width=\"17\" height=\"18\" \/><\/a>Die Wirtschaftswelt ist in st\u00e4ndiger Bewegung &#8211; und die von Unternehmen besetzten Nischen \u00e4ndern sich durch durch Wachstum, dem Aufkommen von neuen Technologien oder der Ver\u00e4nderung von Kundengewohnheiten. Damit ein Unternehmen langfristig erfolgreich sein kann, m\u00fcssen interne Prozesse und Strukturen kontinuierlich an ver\u00e4nderte Gegebenheiten angepa\u00dft werden.<\/p>\n<p>Viele, aber nicht alle dieser Optimierungen fallen in die Bereiche <a title=\"Wissensmanagement\" href=\"https:\/\/www.borchardconsult.com\/?page_id=163\">Wissens-<\/a> oder <a title=\"Dokumentenmanagement\" href=\"https:\/\/www.borchardconsult.com\/?page_id=281\">Dokumentenmanagement.<\/a> Weitere Beispiele sind:<\/p>\n<p><strong><a href=\"https:\/\/www.borchardconsult.com\/wp-content\/uploads\/2013\/09\/Dreieck_Petrol_18tr.png\"><img loading=\"lazy\" decoding=\"async\" class=\"alignleft size-full wp-image-214\" alt=\"Dreieck_Petrol_18tr\" src=\"https:\/\/www.borchardconsult.com\/wp-content\/uploads\/2013\/09\/Dreieck_Petrol_18tr.png\" width=\"17\" height=\"18\" \/><\/a><\/strong>Aufw\u00e4ndig und fehleranf\u00e4llig: Doppeleingaben der gleichen Daten z.B. in Kundendatenbank und Buchhaltung, weil eine Schnittstelle zur Daten\u00fcbernahme fehlt. Dies f\u00fchrt bei Fehleingaben zu nicht identifizierten Datendubletten, welche sp\u00e4ter weitere Schwierigkeiten bereiten.<br \/>\nWir helfen Ihnen, das &#8222;f\u00fchrende&#8220; Programm festzulegen, in welches die jeweiligen Daten nur einmal eingegeben werden m\u00fcssen und sorgen f\u00fcr den automatischen Datenfluss in die nachgelagerten Systeme.<\/p>\n<p><a href=\"https:\/\/www.borchardconsult.com\/wp-content\/uploads\/2013\/09\/Dreieck_Petrol_18tr.png\"><img loading=\"lazy\" decoding=\"async\" class=\"alignleft size-full wp-image-214\" alt=\"Dreieck_Petrol_18tr\" src=\"https:\/\/www.borchardconsult.com\/wp-content\/uploads\/2013\/09\/Dreieck_Petrol_18tr.png\" width=\"17\" height=\"18\" \/><\/a>Tabellen in Datenbanken werden zu gro\u00df, dadurch entstehen zu lange Wartezeiten vor dem Computer, weil bestimmte Prozesse (z.B. Datenbankabfragen) nicht optimiert sind.<br \/>\nWir zeigen verschiedene L\u00f6sungen auf: z.B. Verkleinerung der Datenmenge durch Archivieren der Altdaten, Auslagerung der Datenbank auf schnelleren Speicher oder diverse Verbesserungen an der Indexierung und implementieren die gemeinsam mit Ihnen ausgew\u00e4hlte Verbesserung.<\/p>\n<p><a href=\"https:\/\/www.borchardconsult.com\/wp-content\/uploads\/2013\/09\/Dreieck_Petrol_18tr.png\"><img loading=\"lazy\" decoding=\"async\" class=\"alignleft size-full wp-image-214\" alt=\"Dreieck_Petrol_18tr\" src=\"https:\/\/www.borchardconsult.com\/wp-content\/uploads\/2013\/09\/Dreieck_Petrol_18tr.png\" width=\"17\" height=\"18\" \/><\/a><strong><a title=\"Unsere Leistungen: Optimierung von Strukturen und Abl\u00e4ufen\" href=\"https:\/\/www.borchardconsult.com\/?page_id=243\">zu unseren Leistungen<\/a><\/strong><\/p>\n","protected":false},"excerpt":{"rendered":"<p>Die Wirtschaftswelt ist in st\u00e4ndiger Bewegung &#8211; und die von Unternehmen besetzten Nischen \u00e4ndern sich durch durch Wachstum, dem Aufkommen von neuen Technologien oder der Ver\u00e4nderung von Kundengewohnheiten. Damit ein Unternehmen langfristig erfolgreich sein kann, m\u00fcssen interne Prozesse und Strukturen kontinuierlich an ver\u00e4nderte Gegebenheiten angepa\u00dft werden. Viele, aber nicht alle dieser Optimierungen fallen in die [&hellip;]<\/p>\n","protected":false},"author":1,"featured_media":0,"parent":9,"menu_order":0,"comment_status":"closed","ping_status":"closed","template":"","meta":{"footnotes":""},"class_list":["post-253","page","type-page","status-publish","hentry"],"_links":{"self":[{"href":"https:\/\/www.borchardconsult.com\/index.php?rest_route=\/wp\/v2\/pages\/253"}],"collection":[{"href":"https:\/\/www.borchardconsult.com\/index.php?rest_route=\/wp\/v2\/pages"}],"about":[{"href":"https:\/\/www.borchardconsult.com\/index.php?rest_route=\/wp\/v2\/types\/page"}],"author":[{"embeddable":true,"href":"https:\/\/www.borchardconsult.com\/index.php?rest_route=\/wp\/v2\/users\/1"}],"replies":[{"embeddable":true,"href":"https:\/\/www.borchardconsult.com\/index.php?rest_route=%2Fwp%2Fv2%2Fcomments&post=253"}],"version-history":[{"count":6,"href":"https:\/\/www.borchardconsult.com\/index.php?rest_route=\/wp\/v2\/pages\/253\/revisions"}],"predecessor-version":[{"id":288,"href":"https:\/\/www.borchardconsult.com\/index.php?rest_route=\/wp\/v2\/pages\/253\/revisions\/288"}],"up":[{"embeddable":true,"href":"https:\/\/www.borchardconsult.com\/index.php?rest_route=\/wp\/v2\/pages\/9"}],"wp:attachment":[{"href":"https:\/\/www.borchardconsult.com\/index.php?rest_route=%2Fwp%2Fv2%2Fmedia&parent=253"}],"curies":[{"name":"wp","href":"https:\/\/api.w.org\/{rel}","templated":true}]}}