{"id":29,"date":"2013-07-22T17:28:30","date_gmt":"2013-07-22T15:28:30","guid":{"rendered":"http:\/\/www.borchardconsult.com\/?page_id=29"},"modified":"2019-09-27T13:29:14","modified_gmt":"2019-09-27T11:29:14","slug":"wer","status":"publish","type":"page","link":"https:\/\/www.borchardconsult.com\/?page_id=29","title":{"rendered":"Wer?"},"content":{"rendered":"\n<figure class=\"wp-block-image is-resized\"><img loading=\"lazy\" decoding=\"async\" src=\"https:\/\/www.borchardconsult.com\/wp-content\/uploads\/2019\/01\/2018-08-Bloxolid-Profilbild-FB_b_Ausschnitt.png\" alt=\"\" class=\"wp-image-386\" width=\"131\" height=\"168\" srcset=\"https:\/\/www.borchardconsult.com\/wp-content\/uploads\/2019\/01\/2018-08-Bloxolid-Profilbild-FB_b_Ausschnitt.png 546w, https:\/\/www.borchardconsult.com\/wp-content\/uploads\/2019\/01\/2018-08-Bloxolid-Profilbild-FB_b_Ausschnitt-234x300.png 234w\" sizes=\"(max-width: 131px) 100vw, 131px\" \/><\/figure>\n\n\n<h1><strong style=\"line-height: 1.714285714; font-size: 1rem;\">Frank Borchard<\/strong><\/h1>\n<ul>\n<li><span style=\"line-height: 1.714285714; font-size: 1rem;\">freiberuflicher Berater seit 2012<\/span><\/li>\n<li>Projekt- und Produktmanager u.a. f\u00fcr eine Pricing-Middleware und ein Wiki bei einer deutschen Bank<\/li>\n<li>Max-Planck-Institut f\u00fcr Hirnforschung, Frankfurt<\/li>\n<li>Studium der Psychologie, Linguistik und Philosophie in K\u00f6ln und Nashville,<br \/>gef\u00f6rdert von der <a title=\"Studienstiftung des Deutschen Volkes\" href=\"http:\/\/www.studienstiftung.de\" target=\"_blank\" rel=\"noopener\">Studienstiftung des Deutschen Volkes<\/a> und der <a title=\"Fulbright Stiftung\" href=\"http:\/\/www.fulbright.de\" target=\"_blank\" rel=\"noopener\">Fulbright-Stiftung<\/a><\/li>\n<\/ul>\n<p><a name=\"netzwerk\"><\/a><\/p>\n<p><strong style=\"line-height: 1.714285714; font-size: 1rem;\">Netzwerk<br \/><\/strong><\/p>\n<ul>\n<li><a href=\"https:\/\/www.bd-expert.de\/\">BD Expert:<\/a>\u00a0IT driven business development<\/li>\n<li><a title=\"gd inside\" href=\"http:\/\/www.gd-inside.de\" target=\"_blank\" rel=\"noopener\">gd inside:<\/a> Marktdaten- und Vendorenmanagement<\/li>\n<li><a title=\"i-d media\" href=\"http:\/\/www.idmedia.com\/\" target=\"_blank\" rel=\"noopener\">i-d media:<\/a>\u00a0Digitales Marketing<\/li>\n<li><a href=\"http:\/\/www.merkur-startup.de\/\">Merkur Startup<\/a>: Consulting f\u00fcr Startups<\/li>\n<\/ul>\n\n\n<p><\/p>\n","protected":false},"excerpt":{"rendered":"<p>Frank Borchard freiberuflicher Berater seit 2012 Projekt- und Produktmanager u.a. f\u00fcr eine Pricing-Middleware und ein Wiki bei einer deutschen Bank Max-Planck-Institut f\u00fcr Hirnforschung, Frankfurt Studium der Psychologie, Linguistik und Philosophie in K\u00f6ln und Nashville,gef\u00f6rdert von der Studienstiftung des Deutschen Volkes und der Fulbright-Stiftung Netzwerk BD Expert:\u00a0IT driven business development gd inside: Marktdaten- und Vendorenmanagement i-d [&hellip;]<\/p>\n","protected":false},"author":1,"featured_media":0,"parent":0,"menu_order":3,"comment_status":"closed","ping_status":"closed","template":"","meta":{"footnotes":""},"class_list":["post-29","page","type-page","status-publish","hentry"],"_links":{"self":[{"href":"https:\/\/www.borchardconsult.com\/index.php?rest_route=\/wp\/v2\/pages\/29"}],"collection":[{"href":"https:\/\/www.borchardconsult.com\/index.php?rest_route=\/wp\/v2\/pages"}],"about":[{"href":"https:\/\/www.borchardconsult.com\/index.php?rest_route=\/wp\/v2\/types\/page"}],"author":[{"embeddable":true,"href":"https:\/\/www.borchardconsult.com\/index.php?rest_route=\/wp\/v2\/users\/1"}],"replies":[{"embeddable":true,"href":"https:\/\/www.borchardconsult.com\/index.php?rest_route=%2Fwp%2Fv2%2Fcomments&post=29"}],"version-history":[{"count":35,"href":"https:\/\/www.borchardconsult.com\/index.php?rest_route=\/wp\/v2\/pages\/29\/revisions"}],"predecessor-version":[{"id":399,"href":"https:\/\/www.borchardconsult.com\/index.php?rest_route=\/wp\/v2\/pages\/29\/revisions\/399"}],"wp:attachment":[{"href":"https:\/\/www.borchardconsult.com\/index.php?rest_route=%2Fwp%2Fv2%2Fmedia&parent=29"}],"curies":[{"name":"wp","href":"https:\/\/api.w.org\/{rel}","templated":true}]}}