{"id":9,"date":"2013-07-22T16:29:43","date_gmt":"2013-07-22T14:29:43","guid":{"rendered":"http:\/\/www.borchardconsult.com\/?page_id=9"},"modified":"2014-05-09T09:17:01","modified_gmt":"2014-05-09T07:17:01","slug":"9-2","status":"publish","type":"page","link":"https:\/\/www.borchardconsult.com\/","title":{"rendered":"Was?"},"content":{"rendered":"<p><strong><a href=\"https:\/\/www.borchardconsult.com\/wp-content\/uploads\/2013\/09\/Dreieck_Petrol_18tr.png\"><img loading=\"lazy\" decoding=\"async\" class=\"alignleft size-full wp-image-214\" src=\"https:\/\/www.borchardconsult.com\/wp-content\/uploads\/2013\/09\/Dreieck_Petrol_18tr.png\" alt=\"Dreieck_Petrol_18tr\" width=\"17\" height=\"18\" \/><\/a>Wissensmanagement<br \/>\n<\/strong>Es wird gesch\u00e4tzt, dass Menschen in der industrialisierten Welt heute an einem Tag einer gr\u00f6\u00dferen Menge an Informationen ausgesetzt sind als w\u00e4hrend ihres ganzen Lebens im Mittelalter. Dies gilt insbesondere f\u00fcr das Wirtschaftsleben mit seiner immer weiter fortschreitenden Arbeitsteilung. Wissensmanagement hilft dabei, mit dieser Komplexit\u00e4t umzugehen \u2013 damit die begrenzte Informationsverarbeitungskapazit\u00e4t in unseren K\u00f6pfen bestm\u00f6glich genutzt wird. <a title=\"Wissensmanagement\" href=\"https:\/\/www.borchardconsult.com\/?page_id=163\">Mehr&#8230;<\/a><\/p>\n<p><a href=\"https:\/\/www.borchardconsult.com\/wp-content\/uploads\/2013\/09\/Dreieck_Petrol_18tr.png\"><img loading=\"lazy\" decoding=\"async\" class=\"alignleft size-full wp-image-214\" src=\"https:\/\/www.borchardconsult.com\/wp-content\/uploads\/2013\/09\/Dreieck_Petrol_18tr.png\" alt=\"Dreieck_Petrol_18tr\" width=\"17\" height=\"18\" \/><\/a><strong>Prozessoptimierung<\/strong><br \/>\nEgal, ob eine Arbeitsanweisung verschriftlicht ist oder nur ein Mitarbeiter genau wei\u00df, wie der &#8222;normalen Gang der Dinge&#8220; ist. Die Produktivit\u00e4t eines Prozesses im Unternehmen steht und f\u00e4llt mit den Rahmenbedingungen.<br \/>\nLange Wartezeiten vor Bildschirmmasken oder Doppeleingaben der gleichen Daten in verschiedene Programme k\u00f6nnen bei steigenden Fallzahlen den Mitarbeitern erhebliche Zeit kosten. <a title=\"Unsere Leistungen: Optimierung von Strukturen und Abl\u00e4ufen\" href=\"https:\/\/www.borchardconsult.com\/?page_id=243\">Mehr&#8230;<\/a><\/p>\n<p><strong><a href=\"https:\/\/www.borchardconsult.com\/wp-content\/uploads\/2013\/09\/Dreieck_Petrol_18tr.png\"><img loading=\"lazy\" decoding=\"async\" class=\"alignleft size-full wp-image-214\" src=\"https:\/\/www.borchardconsult.com\/wp-content\/uploads\/2013\/09\/Dreieck_Petrol_18tr.png\" alt=\"Dreieck_Petrol_18tr\" width=\"17\" height=\"18\" \/><\/a><a title=\"Marktdaten- und Vendorenmanagement\" href=\"https:\/\/www.borchardconsult.com\/?page_id=182\">Marktdaten- und Vendorenmanagement<\/a><\/strong><\/p>\n<p>Der Umfang unserer Leistungen reicht von sehr kleinen L\u00f6sungen wie einem selbst betriebenen <a title=\"Wiki\" href=\"https:\/\/www.borchardconsult.com\/?page_id=177\">Wiki<\/a> oder <a title=\"Glossar\" href=\"https:\/\/www.borchardconsult.com\/?page_id=83#crm\">CRM<\/a>-spezifischen Zus\u00e4tzen f\u00fcr bestehende Datenbanken bis hin zur (Teil-) Projektleitung bei der Einf\u00fchrung von <a title=\"Glossar\" href=\"https:\/\/www.borchardconsult.com\/?page_id=83#enterprise_search\">Enterprise-Search<\/a> oder <a title=\"Glossar\" href=\"https:\/\/www.borchardconsult.com\/?page_id=83#business-intelligence\">Business-Intelligence<\/a>-L\u00f6sungen. Dabei arbeiten wir ebenso gerne mit Ihrer (internen oder externen) EDV zusammen, wie wir unsere eigenen Experten zur Verf\u00fcgung stellen.<\/p>\n<div id=\"main\"><\/div>\n<p>&nbsp;<\/p>\n","protected":false},"excerpt":{"rendered":"<p>Wissensmanagement Es wird gesch\u00e4tzt, dass Menschen in der industrialisierten Welt heute an einem Tag einer gr\u00f6\u00dferen Menge an Informationen ausgesetzt sind als w\u00e4hrend ihres ganzen Lebens im Mittelalter. Dies gilt insbesondere f\u00fcr das Wirtschaftsleben mit seiner immer weiter fortschreitenden Arbeitsteilung. Wissensmanagement hilft dabei, mit dieser Komplexit\u00e4t umzugehen \u2013 damit die begrenzte Informationsverarbeitungskapazit\u00e4t in unseren K\u00f6pfen [&hellip;]<\/p>\n","protected":false},"author":1,"featured_media":0,"parent":0,"menu_order":1,"comment_status":"closed","ping_status":"closed","template":"","meta":{"footnotes":""},"class_list":["post-9","page","type-page","status-publish","hentry"],"_links":{"self":[{"href":"https:\/\/www.borchardconsult.com\/index.php?rest_route=\/wp\/v2\/pages\/9"}],"collection":[{"href":"https:\/\/www.borchardconsult.com\/index.php?rest_route=\/wp\/v2\/pages"}],"about":[{"href":"https:\/\/www.borchardconsult.com\/index.php?rest_route=\/wp\/v2\/types\/page"}],"author":[{"embeddable":true,"href":"https:\/\/www.borchardconsult.com\/index.php?rest_route=\/wp\/v2\/users\/1"}],"replies":[{"embeddable":true,"href":"https:\/\/www.borchardconsult.com\/index.php?rest_route=%2Fwp%2Fv2%2Fcomments&post=9"}],"version-history":[{"count":28,"href":"https:\/\/www.borchardconsult.com\/index.php?rest_route=\/wp\/v2\/pages\/9\/revisions"}],"predecessor-version":[{"id":340,"href":"https:\/\/www.borchardconsult.com\/index.php?rest_route=\/wp\/v2\/pages\/9\/revisions\/340"}],"wp:attachment":[{"href":"https:\/\/www.borchardconsult.com\/index.php?rest_route=%2Fwp%2Fv2%2Fmedia&parent=9"}],"curies":[{"name":"wp","href":"https:\/\/api.w.org\/{rel}","templated":true}]}}